{"id":395,"date":"2022-09-25T14:24:52","date_gmt":"2022-09-25T14:24:52","guid":{"rendered":"https:\/\/www.xn--sstoos-bua4q.ch\/?page_id=395"},"modified":"2025-12-01T16:36:56","modified_gmt":"2025-12-01T16:36:56","slug":"grueezi-bi-uesae-stoos","status":"publish","type":"page","link":"https:\/\/www.xn--sstoos-bua4q.ch\/","title":{"rendered":"Adventsfenster 2025"},"content":{"rendered":"\n<h2 class=\"wp-block-heading has-text-align-center has-medium-font-size\">Bereits reservierte Daten:<br><\/h2>\n\n\n\n<p class=\"has-text-align-center has-luminous-vivid-amber-background-color has-background has-medium-font-size\"><strong>05. Dez. 2025<\/strong> Ab 17:00 Uhr<br>Gastgeber: <br>Restaurant Sternegg<br>Ringstrasse 42<\/p>\n\n\n\n<p class=\"has-text-align-center has-white-background-color has-background has-medium-font-size\"><strong>06. Dez. 2025<\/strong> 17:00 bis 19:00 Uhr<br>Gastgeber: <br>Sport&#8217;s Bar Stoos<br>Ringstrasse 124<\/p>\n\n\n\n<p class=\"has-text-align-center has-luminous-vivid-amber-background-color has-background has-medium-font-size\"><strong>08. Dez. 2025 <\/strong>Ab 18:00 Uhr<br>Gastgeber: <br>Suter Sport<br>Ringstrasse 44<\/p>\n\n\n\n<p class=\"has-text-align-center has-medium-font-size\"><strong>12. Dez. 2025<\/strong> 18:00 bis 21:00 Uhr<br>Gastgeber: <br>Familien Fanchini &amp; Kyd<br>Ringstrasse 82<\/p>\n\n\n\n<p class=\"has-text-align-center has-luminous-vivid-amber-background-color has-background has-medium-font-size\"><strong>13. Dez. 2025<\/strong> 17:00 bis 19:00 Uhr<br>Gastgeber: <br>Restaurant Alpstubli<br>Ringstrasse 111<\/p>\n\n\n\n<p class=\"has-text-align-center has-white-background-color has-background has-medium-font-size\"><strong>19. Dez. 2025<\/strong> 17:00 bis 19:00 Uhr<br>Gastgeber: <br>Stoos H\u00fctt\u00e4<br>R\u00e4msenweg 30<\/p>\n\n\n\n<p class=\"has-text-align-center has-luminous-vivid-amber-background-color has-background has-medium-font-size\"><strong>20. Dez. 2025 <\/strong>17:30 bis 19:00 Uhr<br>Gastgeber: <br>Pistenbully Beiz Brunnerboden<br>R\u00e4msenweg 40<\/p>\n","protected":false},"excerpt":{"rendered":"<p>Bereits reservierte Daten: 05. Dez. 2025 Ab 17:00 UhrGastgeber: Restaurant SterneggRingstrasse 42 06. Dez. 2025 17:00 bis 19:00 UhrGastgeber: Sport&#8217;s Bar StoosRingstrasse 124 08. Dez. 2025 Ab 18:00 UhrGastgeber: Suter SportRingstrasse 44 12. Dez. 2025 18:00 bis 21:00 UhrGastgeber: Familien Fanchini &amp; KydRingstrasse 82 13. Dez. 2025 17:00 bis 19:00 UhrGastgeber: Restaurant AlpstubliRingstrasse 111 19. Dez. 2025 17:00 bis 19:00 UhrGastgeber: Stoos H\u00fctt\u00e4R\u00e4msenweg 30 20. Dez. 2025 17:30 bis 19:00 UhrGastgeber: Pistenbully Beiz BrunnerbodenR\u00e4msenweg 40<\/p>\n","protected":false},"author":1,"featured_media":0,"parent":0,"menu_order":0,"comment_status":"closed","ping_status":"closed","template":"","meta":{"pgc_sgb_lightbox_settings":"","footnotes":""},"class_list":["post-395","page","type-page","status-publish","hentry"],"_links":{"self":[{"href":"https:\/\/www.xn--sstoos-bua4q.ch\/index.php\/wp-json\/wp\/v2\/pages\/395","targetHints":{"allow":["GET"]}}],"collection":[{"href":"https:\/\/www.xn--sstoos-bua4q.ch\/index.php\/wp-json\/wp\/v2\/pages"}],"about":[{"href":"https:\/\/www.xn--sstoos-bua4q.ch\/index.php\/wp-json\/wp\/v2\/types\/page"}],"author":[{"embeddable":true,"href":"https:\/\/www.xn--sstoos-bua4q.ch\/index.php\/wp-json\/wp\/v2\/users\/1"}],"replies":[{"embeddable":true,"href":"https:\/\/www.xn--sstoos-bua4q.ch\/index.php\/wp-json\/wp\/v2\/comments?post=395"}],"version-history":[{"count":20,"href":"https:\/\/www.xn--sstoos-bua4q.ch\/index.php\/wp-json\/wp\/v2\/pages\/395\/revisions"}],"predecessor-version":[{"id":531,"href":"https:\/\/www.xn--sstoos-bua4q.ch\/index.php\/wp-json\/wp\/v2\/pages\/395\/revisions\/531"}],"wp:attachment":[{"href":"https:\/\/www.xn--sstoos-bua4q.ch\/index.php\/wp-json\/wp\/v2\/media?parent=395"}],"curies":[{"name":"wp","href":"https:\/\/api.w.org\/{rel}","templated":true}]}}